{"id":1019,"date":"2017-09-22T08:37:23","date_gmt":"2017-09-22T08:37:23","guid":{"rendered":"http:\/\/aviana.mikado-themes.com\/?page_id=1019"},"modified":"2021-01-20T20:35:01","modified_gmt":"2021-01-20T19:35:01","slug":"hostelograf-methode","status":"publish","type":"page","link":"https:\/\/hostelograf.com\/en\/hostelograf-methode\/","title":{"rendered":"The Hostelograf Method"},"content":{"rendered":"<div class=\"wpb-content-wrapper\"><div class=\"vc_row wpb_row vc_row-fluid vc_custom_1611065336700\" ><div class=\"wpb_column vc_column_container vc_col-sm-12\"><div class=\"vc_column-inner\"><div class=\"wpb_wrapper\">\n\t\t\t<!-- START Hostelograf Methode REVOLUTION SLIDER 6.7.40 --><p class=\"rs-p-wp-fix\"><\/p>\n\t\t\t<rs-module-wrap id=\"rev_slider_11_1_wrapper\" data-source=\"gallery\" style=\"visibility:hidden;background:transparent;padding:0;margin:0px auto;margin-top:0;margin-bottom:0;\">\n\t\t\t\t<rs-module id=\"rev_slider_11_1\" style=\"\" data-version=\"6.7.40\">\n\t\t\t\t\t<rs-slides style=\"overflow: hidden; position: absolute;\">\n\t\t\t\t\t\t<rs-slide style=\"position: absolute;\" data-key=\"rs-26\" data-title=\"Slide\" data-anim=\"ms:600;r:0;\" data-in=\"o:0;\" data-out=\"a:false;\">\n\t\t\t\t\t\t\t<img decoding=\"async\" src=\"\/\/hostelograf.com\/wp-content\/plugins\/revslider\/sr6\/assets\/assets\/dummy.png\" alt=\"\" title=\"Soulboard\" width=\"1920\" height=\"663\" class=\"rev-slidebg tp-rs-img rs-lazyload\" data-lazyload=\"\/\/hostelograf.com\/wp-content\/uploads\/2021\/01\/Soulboard.jpg\" data-parallax=\"6\" data-no-retina>\n<!--\n\t\t\t\t\t\t\t--><rs-layer\n\t\t\t\t\t\t\t\tid=\"slider-11-slide-26-layer-1\" \n\t\t\t\t\t\t\t\tdata-type=\"text\"\n\t\t\t\t\t\t\t\tdata-xy=\"x:c;y:m;\"\n\t\t\t\t\t\t\t\tdata-text=\"w:normal;s:80,60,40,25;l:95,75,45,30;ls:5px;fw:300;a:center;\"\n\t\t\t\t\t\t\t\tdata-dim=\"w:100%,80%,80%,100%;\"\n\t\t\t\t\t\t\t\tdata-basealign=\"slide\"\n\t\t\t\t\t\t\t\tdata-rsp_o=\"off\"\n\t\t\t\t\t\t\t\tdata-rsp_bd=\"off\"\n\t\t\t\t\t\t\t\tdata-frame_0=\"x:50px;\"\n\t\t\t\t\t\t\t\tdata-frame_1=\"e:expo.out;st:500;sp:1200;sR:500;\"\n\t\t\t\t\t\t\t\tdata-frame_999=\"o:0;st:w;sR:2300;\"\n\t\t\t\t\t\t\t\tstyle=\"z-index:5;font-family:'Lato';text-transform:uppercase;font-style:italic;\"\n\t\t\t\t\t\t\t>Hostelograf Methode \n\t\t\t\t\t\t\t<\/rs-layer><!--\n\n\t\t\t\t\t\t\t--><rs-layer\n\t\t\t\t\t\t\t\tid=\"slider-11-slide-26-layer-7\" \n\t\t\t\t\t\t\t\tclass=\"tp-shape tp-shapewrapper\"\n\t\t\t\t\t\t\t\tdata-type=\"shape\"\n\t\t\t\t\t\t\t\tdata-xy=\"x:c;y:m;yo:-180px,-150px,-135px,-120px;\"\n\t\t\t\t\t\t\t\tdata-text=\"a:inherit;\"\n\t\t\t\t\t\t\t\tdata-dim=\"w:265px,265px,265px,200px;h:1px;\"\n\t\t\t\t\t\t\t\tdata-basealign=\"slide\"\n\t\t\t\t\t\t\t\tdata-rsp_o=\"off\"\n\t\t\t\t\t\t\t\tdata-rsp_bd=\"off\"\n\t\t\t\t\t\t\t\tdata-frame_0=\"o:1;\"\n\t\t\t\t\t\t\t\tdata-frame_0_sfx=\"se:blocktoleft;fxc:#d6b981;\"\n\t\t\t\t\t\t\t\tdata-frame_1=\"e:expo.inOut;st:200;sp:2000;sR:200;\"\n\t\t\t\t\t\t\t\tdata-frame_1_sfx=\"se:blocktoleft;fxc:#d6b981;\"\n\t\t\t\t\t\t\t\tdata-frame_999=\"o:0;st:w;sR:1800;\"\n\t\t\t\t\t\t\t\tstyle=\"z-index:8;background-color:#eac8bf;\"\n\t\t\t\t\t\t\t> \n\t\t\t\t\t\t\t<\/rs-layer><!--\n-->\t\t\t\t\t<\/rs-slide>\n\t\t\t\t\t\t<rs-slide style=\"position: absolute;\" data-key=\"rs-31\" data-title=\"Slide\" data-anim=\"ms:600;r:0;\" data-in=\"o:0;\" data-out=\"a:false;\">\n\t\t\t\t\t\t\t<img decoding=\"async\" src=\"\/\/hostelograf.com\/wp-content\/plugins\/revslider\/sr6\/assets\/assets\/dummy.png\" alt=\"\" title=\"Kontakt\" width=\"1920\" height=\"663\" class=\"rev-slidebg tp-rs-img rs-lazyload\" data-lazyload=\"\/\/hostelograf.com\/wp-content\/uploads\/2021\/01\/Kontakt.jpg\" data-parallax=\"6\" data-no-retina>\n<!--\n\t\t\t\t\t\t\t--><rs-layer\n\t\t\t\t\t\t\t\tid=\"slider-11-slide-31-layer-1\" \n\t\t\t\t\t\t\t\tdata-type=\"text\"\n\t\t\t\t\t\t\t\tdata-xy=\"x:c;y:m;\"\n\t\t\t\t\t\t\t\tdata-text=\"w:normal;s:80,60,40,25;l:95,75,45,30;ls:5px;fw:300;a:center;\"\n\t\t\t\t\t\t\t\tdata-dim=\"w:100%,80%,80%,100%;\"\n\t\t\t\t\t\t\t\tdata-basealign=\"slide\"\n\t\t\t\t\t\t\t\tdata-rsp_o=\"off\"\n\t\t\t\t\t\t\t\tdata-rsp_bd=\"off\"\n\t\t\t\t\t\t\t\tdata-frame_0=\"x:50px;\"\n\t\t\t\t\t\t\t\tdata-frame_1=\"e:expo.out;st:500;sp:1200;sR:500;\"\n\t\t\t\t\t\t\t\tdata-frame_999=\"o:0;st:w;sR:2300;\"\n\t\t\t\t\t\t\t\tstyle=\"z-index:5;font-family:'Lato';text-transform:uppercase;font-style:italic;\"\n\t\t\t\t\t\t\t>Hostelograf Methode \n\t\t\t\t\t\t\t<\/rs-layer><!--\n\n\t\t\t\t\t\t\t--><rs-layer\n\t\t\t\t\t\t\t\tid=\"slider-11-slide-31-layer-7\" \n\t\t\t\t\t\t\t\tclass=\"tp-shape tp-shapewrapper\"\n\t\t\t\t\t\t\t\tdata-type=\"shape\"\n\t\t\t\t\t\t\t\tdata-xy=\"x:c;y:m;yo:-180px,-150px,-135px,-120px;\"\n\t\t\t\t\t\t\t\tdata-text=\"a:inherit;\"\n\t\t\t\t\t\t\t\tdata-dim=\"w:265px,265px,265px,200px;h:1px;\"\n\t\t\t\t\t\t\t\tdata-basealign=\"slide\"\n\t\t\t\t\t\t\t\tdata-rsp_o=\"off\"\n\t\t\t\t\t\t\t\tdata-rsp_bd=\"off\"\n\t\t\t\t\t\t\t\tdata-frame_0=\"o:1;\"\n\t\t\t\t\t\t\t\tdata-frame_0_sfx=\"se:blocktoleft;fxc:#d6b981;\"\n\t\t\t\t\t\t\t\tdata-frame_1=\"e:expo.inOut;st:200;sp:2000;sR:200;\"\n\t\t\t\t\t\t\t\tdata-frame_1_sfx=\"se:blocktoleft;fxc:#d6b981;\"\n\t\t\t\t\t\t\t\tdata-frame_999=\"o:0;st:w;sR:1800;\"\n\t\t\t\t\t\t\t\tstyle=\"z-index:8;background-color:#eac8bf;\"\n\t\t\t\t\t\t\t> \n\t\t\t\t\t\t\t<\/rs-layer><!--\n-->\t\t\t\t\t<\/rs-slide>\n\t\t\t\t\t\t<rs-slide style=\"position: absolute;\" data-key=\"rs-32\" data-title=\"Slide\" data-anim=\"ms:600;r:0;\" data-in=\"o:0;\" data-out=\"a:false;\">\n\t\t\t\t\t\t\t<img decoding=\"async\" src=\"\/\/hostelograf.com\/wp-content\/plugins\/revslider\/sr6\/assets\/assets\/dummy.png\" alt=\"\" title=\"Hostelograf2\" width=\"1920\" height=\"663\" class=\"rev-slidebg tp-rs-img rs-lazyload\" data-lazyload=\"\/\/hostelograf.com\/wp-content\/uploads\/2021\/01\/Hostelograf2.jpg\" data-parallax=\"6\" data-no-retina>\n<!--\n\t\t\t\t\t\t\t--><rs-layer\n\t\t\t\t\t\t\t\tid=\"slider-11-slide-32-layer-1\" \n\t\t\t\t\t\t\t\tdata-type=\"text\"\n\t\t\t\t\t\t\t\tdata-xy=\"x:c;y:m;\"\n\t\t\t\t\t\t\t\tdata-text=\"w:normal;s:80,60,40,25;l:95,75,45,30;ls:5px;fw:300;a:center;\"\n\t\t\t\t\t\t\t\tdata-dim=\"w:100%,80%,80%,100%;\"\n\t\t\t\t\t\t\t\tdata-basealign=\"slide\"\n\t\t\t\t\t\t\t\tdata-rsp_o=\"off\"\n\t\t\t\t\t\t\t\tdata-rsp_bd=\"off\"\n\t\t\t\t\t\t\t\tdata-frame_0=\"x:50px;\"\n\t\t\t\t\t\t\t\tdata-frame_1=\"e:expo.out;st:500;sp:1200;sR:500;\"\n\t\t\t\t\t\t\t\tdata-frame_999=\"o:0;st:w;sR:2300;\"\n\t\t\t\t\t\t\t\tstyle=\"z-index:5;font-family:'Lato';text-transform:uppercase;font-style:italic;\"\n\t\t\t\t\t\t\t>Hostelograf Methode \n\t\t\t\t\t\t\t<\/rs-layer><!--\n\n\t\t\t\t\t\t\t--><rs-layer\n\t\t\t\t\t\t\t\tid=\"slider-11-slide-32-layer-7\" \n\t\t\t\t\t\t\t\tclass=\"tp-shape tp-shapewrapper\"\n\t\t\t\t\t\t\t\tdata-type=\"shape\"\n\t\t\t\t\t\t\t\tdata-xy=\"x:c;y:m;yo:-180px,-150px,-135px,-120px;\"\n\t\t\t\t\t\t\t\tdata-text=\"a:inherit;\"\n\t\t\t\t\t\t\t\tdata-dim=\"w:265px,265px,265px,200px;h:1px;\"\n\t\t\t\t\t\t\t\tdata-basealign=\"slide\"\n\t\t\t\t\t\t\t\tdata-rsp_o=\"off\"\n\t\t\t\t\t\t\t\tdata-rsp_bd=\"off\"\n\t\t\t\t\t\t\t\tdata-frame_0=\"o:1;\"\n\t\t\t\t\t\t\t\tdata-frame_0_sfx=\"se:blocktoleft;fxc:#d6b981;\"\n\t\t\t\t\t\t\t\tdata-frame_1=\"e:expo.inOut;st:200;sp:2000;sR:200;\"\n\t\t\t\t\t\t\t\tdata-frame_1_sfx=\"se:blocktoleft;fxc:#d6b981;\"\n\t\t\t\t\t\t\t\tdata-frame_999=\"o:0;st:w;sR:1800;\"\n\t\t\t\t\t\t\t\tstyle=\"z-index:8;background-color:#eac8bf;\"\n\t\t\t\t\t\t\t> \n\t\t\t\t\t\t\t<\/rs-layer><!--\n-->\t\t\t\t\t<\/rs-slide>\n\t\t\t\t\t<\/rs-slides>\n\t\t\t\t<\/rs-module>\n\t\t\t\t<script>\n\t\t\t\t\tsetREVStartSize({c: 'rev_slider_11_1',rl:[1240,1024,778,480],el:[400,677,570,600],gw:[1300,1100,768,320],gh:[400,340,240,240],type:'standard',justify:'',layout:'fullwidth',mh:\"0\"});if (window.RS_MODULES!==undefined && window.RS_MODULES.modules!==undefined && window.RS_MODULES.modules[\"revslider111\"]!==undefined) {window.RS_MODULES.modules[\"revslider111\"].once = false;window.revapi11 = undefined;if (window.RS_MODULES.checkMinimal!==undefined) window.RS_MODULES.checkMinimal()}\n\t\t\t\t<\/script>\n\t\t\t<\/rs-module-wrap>\n\t\t\t<!-- END REVOLUTION SLIDER -->\n<\/div><\/div><\/div><\/div><div class=\"mkdf-row-grid-section-wrapper mkdf-parallax-row-holder mkdf-content-aligment-center\" data-parallax-bg-image= data-parallax-bg-speed=1 ><div class=\"mkdf-row-grid-section\"><div class=\"vc_row wpb_row vc_row-fluid vc_custom_1607116287827\" ><div class=\"wpb_column vc_column_container vc_col-sm-12\"><div class=\"vc_column-inner\"><div class=\"wpb_wrapper\"><div class=\"mkdf-elements-holder   mkdf-one-column  mkdf-responsive-mode-768 \" ><div class=\"mkdf-eh-item   mkdf-horizontal-alignment-center \"  data-item-class=\"mkdf-eh-custom-8267\" data-1280-1600=\"72px 16% 0px\" data-1024-1280=\"72px 12% 0px\" data-768-1024=\"72px 5% 0px\" data-680-768=\"72px 0 0\">\n\t\t<div class=\"mkdf-eh-item-inner\">\n\t\t<div class=\"mkdf-eh-item-content mkdf-eh-custom-8267\" >\n\t\t\t<div class=\"mkdf-section-title-holder  mkdf-st-standard mkdf-st-title-left mkdf-st-normal-space \" style=\"text-align: center\">\n\t<div class=\"mkdf-st-inner\">\n\t\t<img decoding=\"async\" src=\"https:\/\/hostelograf.com\/wp-content\/uploads\/2021\/01\/hand.svg\" class=\"attachment-full size-full\" alt=\"\" \/>\n\t\t\t\t\t<div class=\"mkdf-separator-holder clearfix\">\n\t\t\t\t<div class=\"mkdf-separator\"><\/div>\n\t\t\t<\/div>\n\t\t\t\t\t\t\t<h2 class=\"mkdf-st-title\" >\n\t\t\t\t``UNBEWUSSTES: DU WEISST DIES ABER DU WEISST NICHT DASS DU ES WEISST.``\t\t\t<\/h2>\n\t\t\t\t\t\t\t<h6 class=\"mkdf-st-text\" >\n\t\t\t\t-AUGUSTINUS AURELIUS-\t\t\t<\/h6>\n\t\t\t<\/div>\n<\/div>\n\t<div class=\"wpb_text_column wpb_content_element vc_custom_1607117107184\" >\n\t\t<div class=\"wpb_wrapper\">\n\t\t\t<p style=\"text-align: left;\">Die Hostelograf Methode ist eine ganzheitliche polydimensionale Methode zur Ursachenforschung und Ursachendematerialisierung f\u00fcr alles, was sich \u00e4u\u00dferlich als Trag\u00f6die, Krankheit, Symptom, Problem oder Herausforderung zeigt und somit unsere Lebensfreude hemmt. Alles im Au\u00dfen hat seinen Ursprung im Inneren und unsere Realit\u00e4t wird zu 90% von unserem Unterbewusstsein bestimmt. Dein Unterbewusstsein ist dein Schicksal.<\/p>\n\n\t\t<\/div>\n\t<\/div>\n\n\t<div class=\"wpb_text_column wpb_content_element\" >\n\t\t<div class=\"wpb_wrapper\">\n\t\t\t<p style=\"text-align: left;\">Unser aller Urausgangsmaterial f\u00fcr Gesundheit und ein erf\u00fclltes Leben ist die Freude: Joy is the ultimate creator!<\/p>\n<p style=\"text-align: left;\">Die Aufl\u00f6sung von:<\/p>\n<ul style=\"text-align: left;\">\n<li><strong>physischen Schmerzen und Symptome<\/strong><\/li>\n<li><strong>emotionale Verletzungen und emotionale Wunden<\/strong><\/li>\n<li><strong>Traumatas &amp; Schocks<\/strong><\/li>\n<li><strong>limitierenden Glaubenss\u00e4tzen<\/strong><\/li>\n<li><strong>Blockaden<\/strong><\/li>\n<li><strong>Liebeskummer &amp; Trauer<\/strong><\/li>\n<li><strong>Unzufriedenheiten &amp; Zweifel<\/strong><\/li>\n<li><strong>Orientierungslosigkeit &amp; verk\u00fcmmerte innere Freiheit<\/strong><\/li>\n<li><strong>karmischen Belastungen<\/strong><\/li>\n<li><strong>Einschr\u00e4nkungen<\/strong><\/li>\n<li><strong>Emotionaler Balast wie z.B. Familienstress<\/strong><\/li>\n<li><strong>Toxische Beziehungen<\/strong><\/li>\n<li><strong>u.v.m.<\/strong><\/li>\n<\/ul>\n<p style=\"text-align: left;\">ist ein unglaublich befreiendes und sch\u00f6nes Gef\u00fchl, dass uns Freude verschafft und unser Bewusstsein und Unterbewusstsein in Einklang bringt.<\/p>\n<p style=\"text-align: left;\">Beginnend mit unserer Geburt sind unsere ersten Lebensjahre bestimmt durch Einschr\u00e4nkungen der \u00e4u\u00dferen Freiheiten, Erlaubnis und Best\u00e4tigung, Programmierungen, Muster, Erinnerungen aus den Ahnenreihen, Erfahrungen und Erlebnisse und den Konflikt innerer Kritiker vs. innere Antreiber. All das blockiert unsere Lebensfreude und pr\u00e4gt unser Unterbewusstsein.<\/p>\n\n\t\t<\/div>\n\t<\/div>\n<div class=\"vc_empty_space\"   style=\"height: 20px\"><span class=\"vc_empty_space_inner\"><\/span><\/div><div class=\"mkdf-section-title-holder  mkdf-st-standard mkdf-st-title-left mkdf-st-normal-space \" style=\"text-align: center\">\n\t<div class=\"mkdf-st-inner\">\n\t\t\n\t\t\t\t\t\t\t<h3 class=\"mkdf-st-title\" >\n\t\t\t\t\u201eDAS UNTERBEWUSSTSEIN IST EIN GEF\u00c4HRLICHER MITWISSER \u2013 ES WEISS ALL DIE DINGE VON DENEN WIR NICHTS MEHR WISSEN WOLLEN\u201c\t\t\t<\/h3>\n\t\t\t\t\t\t\t<h6 class=\"mkdf-st-text\" >\n\t\t\t\t-LILLI U. KRESSNER-\t\t\t<\/h6>\n\t\t\t<\/div>\n<\/div>\n\t<div class=\"wpb_text_column wpb_content_element\" >\n\t\t<div class=\"wpb_wrapper\">\n\t\t\t<p style=\"text-align: left;\">Mit der Hostelograf Methode finden wir gemeinsam heraus, welcher Ursprung deine Trag\u00f6die hat, dematerialisieren ihn und bringen dich mit einer schnellen und effektiven Bewusstseinsarbeit in die Bewusstwerdung. Dein Urausgangsmaterial, die Freude in dir wird wieder sp\u00fcrbar und wirkt.<\/p>\n<p style=\"text-align: left;\">Dazu decodieren wir welche Gedanken und\/oder Erlebnisse zu welchen Erinnerungen im Unterbewusstsein gef\u00fchrt haben, die dich daran hindern zu heilen und Freude zu erleben.<\/p>\n\n\t\t<\/div>\n\t<\/div>\n\t\t<\/div>\n\t<\/div>\n<\/div><\/div><\/div><\/div><\/div><\/div><\/div><\/div><div class=\"mkdf-row-grid-section-wrapper mkdf-parallax-row-holder mkdf-content-aligment-center\" data-parallax-bg-image= data-parallax-bg-speed=1 style=\"background-color:#f8f9f6\"><div class=\"mkdf-row-grid-section\"><div class=\"vc_row wpb_row vc_row-fluid vc_custom_1607116563975\" ><div class=\"wpb_column vc_column_container vc_col-sm-12\"><div class=\"vc_column-inner\"><div class=\"wpb_wrapper\"><div class=\"mkdf-section-title-holder  mkdf-st-standard mkdf-st-title-left mkdf-st-normal-space \" style=\"text-align: center\">\n\t<div class=\"mkdf-st-inner\">\n\t\t<img decoding=\"async\" src=\"https:\/\/hostelograf.com\/wp-content\/uploads\/2021\/01\/hand.svg\" class=\"attachment-full size-full\" alt=\"\" \/>\n\t\t\t\t\t<div class=\"mkdf-separator-holder clearfix\">\n\t\t\t\t<div class=\"mkdf-separator\"><\/div>\n\t\t\t<\/div>\n\t\t\t\t\t\t\t<h2 class=\"mkdf-st-title\" >\n\t\t\t\tKontakt\t\t\t<\/h2>\n\t\t\t\t\t\t\t<h6 class=\"mkdf-st-text\" >\n\t\t\t\tBen\u00f6tigst du meine Unterst\u00fctzung? Ich freue mich auf deine Nachricht!\t\t\t<\/h6>\n\t\t\t<\/div>\n<\/div><div class=\"mkdf-elements-holder   mkdf-one-column  mkdf-responsive-mode-768 \" ><div class=\"mkdf-eh-item   mkdf-horizontal-alignment-center \"  data-item-class=\"mkdf-eh-custom-7259\" data-1280-1600=\"72px 16% 0px\" data-1024-1280=\"72px 12% 0px\" data-768-1024=\"72px 5% 0px\" data-680-768=\"72px 0 0\" data-680=\"72px 0 0\">\n\t\t<div class=\"mkdf-eh-item-inner\">\n\t\t<div class=\"mkdf-eh-item-content mkdf-eh-custom-7259\" style=\"padding: 72px 8% 0px\">\n\t\t\t\n<div class=\"wpcf7 no-js\" id=\"wpcf7-f2619-o1\" lang=\"en-US\" dir=\"ltr\" data-wpcf7-id=\"2619\">\n<div class=\"screen-reader-response\"><p role=\"status\" aria-live=\"polite\" aria-atomic=\"true\"><\/p> <ul><\/ul><\/div>\n<form action=\"\/en\/wp-json\/wp\/v2\/pages\/1019#wpcf7-f2619-o1\" method=\"post\" class=\"wpcf7-form init\" aria-label=\"Contact form\" novalidate=\"novalidate\" data-status=\"init\">\n<fieldset class=\"hidden-fields-container\"><input type=\"hidden\" name=\"_wpcf7\" value=\"2619\" \/><input type=\"hidden\" name=\"_wpcf7_version\" value=\"6.1.5\" \/><input type=\"hidden\" name=\"_wpcf7_locale\" value=\"en_US\" \/><input type=\"hidden\" name=\"_wpcf7_unit_tag\" value=\"wpcf7-f2619-o1\" \/><input type=\"hidden\" name=\"_wpcf7_container_post\" value=\"0\" \/><input type=\"hidden\" name=\"_wpcf7_posted_data_hash\" value=\"\" \/>\n<\/fieldset>\n<div class=\"mkdf-two-columns-50-50 clearfix\">\n\t<div class=\"mkdf-two-columns-50-50-inner\">\n\t\t<div class=\"mkdf-column\">\n\t\t\t<p><span class=\"wpcf7-form-control-wrap\" data-name=\"your-fist-name\"><input size=\"40\" maxlength=\"400\" class=\"wpcf7-form-control wpcf7-text wpcf7-validates-as-required\" aria-required=\"true\" aria-invalid=\"false\" placeholder=\"Vorname\" value=\"\" type=\"text\" name=\"your-fist-name\" \/><\/span>\n\t\t\t<\/p>\n\t\t<\/div>\n\t\t<div class=\"mkdf-column\">\n\t\t\t<p><span class=\"wpcf7-form-control-wrap\" data-name=\"your-last-name\"><input size=\"40\" maxlength=\"400\" class=\"wpcf7-form-control wpcf7-text wpcf7-validates-as-required\" aria-required=\"true\" aria-invalid=\"false\" placeholder=\"Nachname\" value=\"\" type=\"text\" name=\"your-last-name\" \/><\/span>\n\t\t\t<\/p>\n\t\t<\/div>\n\t<\/div>\n<\/div>\n<div class=\"mkdf-two-columns-50-50 clearfix\">\n\t<div class=\"mkdf-two-columns-50-50-inner\">\n\t\t<div class=\"mkdf-column\">\n\t\t\t<p><span class=\"wpcf7-form-control-wrap\" data-name=\"your-email\"><input size=\"40\" maxlength=\"400\" class=\"wpcf7-form-control wpcf7-email wpcf7-validates-as-required wpcf7-text wpcf7-validates-as-email\" aria-required=\"true\" aria-invalid=\"false\" placeholder=\"Email\" value=\"\" type=\"email\" name=\"your-email\" \/><\/span>\n\t\t\t<\/p>\n\t\t<\/div>\n\t\t<div class=\"mkdf-column\">\n\t\t\t<p><span class=\"wpcf7-form-control-wrap\" data-name=\"your-phone\"><input size=\"40\" maxlength=\"400\" class=\"wpcf7-form-control wpcf7-text wpcf7-validates-as-required\" aria-required=\"true\" aria-invalid=\"false\" placeholder=\"Tel\" value=\"\" type=\"text\" name=\"your-phone\" \/><\/span>\n\t\t\t<\/p>\n\t\t<\/div>\n\t<\/div>\n<\/div>\n<div class=\"mkdf-grid-row mkdf-smaller-gutter clearfix\">\n\t<div class=\"mkdf-grid-col-12\">\n\t\t<div>\n\t\t\t<p><span class=\"wpcf7-form-control-wrap\" data-name=\"your-message\"><textarea cols=\"40\" rows=\"10\" maxlength=\"2000\" class=\"wpcf7-form-control wpcf7-textarea\" aria-invalid=\"false\" placeholder=\"Deine Nachricht\" name=\"your-message\"><\/textarea><\/span>\n\t\t\t<\/p>\n\t\t<\/div>\n\t\t<div>\n\t\t\t<p><span class=\"wpcf7-form-control-wrap\" data-name=\"accept-this-1\"><span class=\"wpcf7-form-control wpcf7-acceptance\"><span class=\"wpcf7-list-item\"><label><input type=\"checkbox\" name=\"accept-this-1\" value=\"1\" aria-invalid=\"false\" \/><span class=\"wpcf7-list-item-label\">Ja, ich habe die <a href=\"\/agb\/\">AGB<\/a> und die <a href=\"\/datenschutz\/\">Datenschutzerkl\u00e4rung<\/a> zur Kenntnis genommen und bin damit einverstanden, dass die von mir angegebenen Daten elektronisch erhoben und gespeichert werden. Meine Daten werden dabei nur streng zweckgebunden zur Bearbeitung und Beantwortung meiner Anfrage benutzt. Mit dem Absenden des Kontaktformulars erkl\u00e4re ich mich mit der Verarbeitung einverstanden.<\/span><\/label><\/span><\/span><\/span>\n\t\t\t<\/p>\n\t\t<\/div>\n\t\t<div style=\"text-align:center;\">\n\t\t\t<div class=\"mkdf-contact-form-submit\">\n\t\t\t\t<p><input class=\"wpcf7-form-control wpcf7-submit has-spinner\" type=\"submit\" value=\"Senden\" \/>\n\t\t\t\t<\/p>\n\t\t\t<\/div>\n\t\t<\/div>\n\t<\/div>\n<\/div><div class=\"wpcf7-response-output\" aria-hidden=\"true\"><\/div>\n<\/form>\n<\/div>\n\t\t<\/div>\n\t<\/div>\n<\/div><\/div><\/div><\/div><\/div><\/div><\/div><\/div>\n<\/div>","protected":false},"excerpt":{"rendered":"Hostelograf Methode Hostelograf Methode Hostelograf Methode ``UNBEWUSSTES: DU WEISST DIES ABER DU WEISST NICHT DASS DU ES WEISST.`` -AUGUSTINUS AURELIUS- Die Hostelograf Methode ist eine ganzheitliche polydimensionale Methode zur Ursachenforschung und Ursachendematerialisierung f\u00fcr alles, was sich \u00e4u\u00dferlich als Trag\u00f6die, Krankheit, [...]","protected":false},"author":1,"featured_media":0,"parent":0,"menu_order":2,"comment_status":"closed","ping_status":"closed","template":"full-width.php","meta":{"footnotes":""},"class_list":["post-1019","page","type-page","status-publish","hentry"],"_links":{"self":[{"href":"https:\/\/hostelograf.com\/en\/wp-json\/wp\/v2\/pages\/1019","targetHints":{"allow":["GET"]}}],"collection":[{"href":"https:\/\/hostelograf.com\/en\/wp-json\/wp\/v2\/pages"}],"about":[{"href":"https:\/\/hostelograf.com\/en\/wp-json\/wp\/v2\/types\/page"}],"author":[{"embeddable":true,"href":"https:\/\/hostelograf.com\/en\/wp-json\/wp\/v2\/users\/1"}],"replies":[{"embeddable":true,"href":"https:\/\/hostelograf.com\/en\/wp-json\/wp\/v2\/comments?post=1019"}],"version-history":[{"count":5,"href":"https:\/\/hostelograf.com\/en\/wp-json\/wp\/v2\/pages\/1019\/revisions"}],"predecessor-version":[{"id":3609,"href":"https:\/\/hostelograf.com\/en\/wp-json\/wp\/v2\/pages\/1019\/revisions\/3609"}],"wp:attachment":[{"href":"https:\/\/hostelograf.com\/en\/wp-json\/wp\/v2\/media?parent=1019"}],"curies":[{"name":"wp","href":"https:\/\/api.w.org\/{rel}","templated":true}]}}