{"id":1140,"date":"2017-09-22T13:45:31","date_gmt":"2017-09-22T13:45:31","guid":{"rendered":"http:\/\/aviana.mikado-themes.com\/?page_id=1140"},"modified":"2021-01-25T14:31:59","modified_gmt":"2021-01-25T13:31:59","slug":"aktuelle-themen","status":"publish","type":"page","link":"https:\/\/hostelograf.com\/en\/aktuelle-themen\/","title":{"rendered":"Current Topics"},"content":{"rendered":"<div class=\"wpb-content-wrapper\"><div class=\"vc_row wpb_row vc_row-fluid vc_custom_1611065336700\" ><div class=\"wpb_column vc_column_container vc_col-sm-12\"><div class=\"vc_column-inner\"><div class=\"wpb_wrapper\">\n\t\t\t<!-- START Aktuelle Themen REVOLUTION SLIDER 6.7.40 --><p class=\"rs-p-wp-fix\"><\/p>\n\t\t\t<rs-module-wrap id=\"rev_slider_19_1_wrapper\" data-source=\"gallery\" style=\"visibility:hidden;background:transparent;padding:0;margin:0px auto;margin-top:0;margin-bottom:0;\">\n\t\t\t\t<rs-module id=\"rev_slider_19_1\" style=\"\" data-version=\"6.7.40\">\n\t\t\t\t\t<rs-slides style=\"overflow: hidden; position: absolute;\">\n\t\t\t\t\t\t<rs-slide style=\"position: absolute;\" data-key=\"rs-41\" data-title=\"Slide\" data-anim=\"ms:600;r:0;\" data-in=\"o:0;\" data-out=\"a:false;\">\n\t\t\t\t\t\t\t<img decoding=\"async\" src=\"\/\/hostelograf.com\/wp-content\/plugins\/revslider\/sr6\/assets\/assets\/dummy.png\" alt=\"\" title=\"Soulboard\" width=\"1920\" height=\"663\" class=\"rev-slidebg tp-rs-img rs-lazyload\" data-lazyload=\"\/\/hostelograf.com\/wp-content\/uploads\/2021\/01\/Soulboard.jpg\" data-parallax=\"6\" data-no-retina>\n<!--\n\t\t\t\t\t\t\t--><rs-layer\n\t\t\t\t\t\t\t\tid=\"slider-19-slide-41-layer-1\" \n\t\t\t\t\t\t\t\tdata-type=\"text\"\n\t\t\t\t\t\t\t\tdata-xy=\"x:c;y:m;\"\n\t\t\t\t\t\t\t\tdata-text=\"w:normal;s:80,60,40,25;l:95,75,45,30;ls:5px;fw:300;a:center;\"\n\t\t\t\t\t\t\t\tdata-dim=\"w:100%,80%,80%,100%;\"\n\t\t\t\t\t\t\t\tdata-basealign=\"slide\"\n\t\t\t\t\t\t\t\tdata-rsp_o=\"off\"\n\t\t\t\t\t\t\t\tdata-rsp_bd=\"off\"\n\t\t\t\t\t\t\t\tdata-frame_0=\"x:50px;\"\n\t\t\t\t\t\t\t\tdata-frame_1=\"e:expo.out;st:500;sp:1200;sR:500;\"\n\t\t\t\t\t\t\t\tdata-frame_999=\"o:0;st:w;sR:2300;\"\n\t\t\t\t\t\t\t\tstyle=\"z-index:5;font-family:'Lato';text-transform:uppercase;font-style:italic;\"\n\t\t\t\t\t\t\t>Aktuelle Themen \n\t\t\t\t\t\t\t<\/rs-layer><!--\n\n\t\t\t\t\t\t\t--><rs-layer\n\t\t\t\t\t\t\t\tid=\"slider-19-slide-41-layer-7\" \n\t\t\t\t\t\t\t\tclass=\"tp-shape tp-shapewrapper\"\n\t\t\t\t\t\t\t\tdata-type=\"shape\"\n\t\t\t\t\t\t\t\tdata-xy=\"x:c;y:m;yo:-180px,-150px,-135px,-120px;\"\n\t\t\t\t\t\t\t\tdata-text=\"a:inherit;\"\n\t\t\t\t\t\t\t\tdata-dim=\"w:265px,265px,265px,200px;h:1px;\"\n\t\t\t\t\t\t\t\tdata-basealign=\"slide\"\n\t\t\t\t\t\t\t\tdata-rsp_o=\"off\"\n\t\t\t\t\t\t\t\tdata-rsp_bd=\"off\"\n\t\t\t\t\t\t\t\tdata-frame_0=\"o:1;\"\n\t\t\t\t\t\t\t\tdata-frame_0_sfx=\"se:blocktoleft;fxc:#d6b981;\"\n\t\t\t\t\t\t\t\tdata-frame_1=\"e:expo.inOut;st:200;sp:2000;sR:200;\"\n\t\t\t\t\t\t\t\tdata-frame_1_sfx=\"se:blocktoleft;fxc:#d6b981;\"\n\t\t\t\t\t\t\t\tdata-frame_999=\"o:0;st:w;sR:1800;\"\n\t\t\t\t\t\t\t\tstyle=\"z-index:8;background-color:#eac8bf;\"\n\t\t\t\t\t\t\t> \n\t\t\t\t\t\t\t<\/rs-layer><!--\n-->\t\t\t\t\t<\/rs-slide>\n\t\t\t\t\t\t<rs-slide style=\"position: absolute;\" data-key=\"rs-42\" data-title=\"Slide\" data-anim=\"ms:600;r:0;\" data-in=\"o:0;\" data-out=\"a:false;\">\n\t\t\t\t\t\t\t<img decoding=\"async\" src=\"\/\/hostelograf.com\/wp-content\/plugins\/revslider\/sr6\/assets\/assets\/dummy.png\" alt=\"\" title=\"Kontakt\" width=\"1920\" height=\"663\" class=\"rev-slidebg tp-rs-img rs-lazyload\" data-lazyload=\"\/\/hostelograf.com\/wp-content\/uploads\/2021\/01\/Kontakt.jpg\" data-parallax=\"6\" data-no-retina>\n<!--\n\t\t\t\t\t\t\t--><rs-layer\n\t\t\t\t\t\t\t\tid=\"slider-19-slide-42-layer-1\" \n\t\t\t\t\t\t\t\tdata-type=\"text\"\n\t\t\t\t\t\t\t\tdata-xy=\"x:c;y:m;\"\n\t\t\t\t\t\t\t\tdata-text=\"w:normal;s:80,60,40,25;l:95,75,45,30;ls:5px;fw:300;a:center;\"\n\t\t\t\t\t\t\t\tdata-dim=\"w:100%,80%,80%,100%;\"\n\t\t\t\t\t\t\t\tdata-basealign=\"slide\"\n\t\t\t\t\t\t\t\tdata-rsp_o=\"off\"\n\t\t\t\t\t\t\t\tdata-rsp_bd=\"off\"\n\t\t\t\t\t\t\t\tdata-frame_0=\"x:50px;\"\n\t\t\t\t\t\t\t\tdata-frame_1=\"e:expo.out;st:500;sp:1200;sR:500;\"\n\t\t\t\t\t\t\t\tdata-frame_999=\"o:0;st:w;sR:2300;\"\n\t\t\t\t\t\t\t\tstyle=\"z-index:5;font-family:'Lato';text-transform:uppercase;font-style:italic;\"\n\t\t\t\t\t\t\t>Aktuelle Themen \n\t\t\t\t\t\t\t<\/rs-layer><!--\n\n\t\t\t\t\t\t\t--><rs-layer\n\t\t\t\t\t\t\t\tid=\"slider-19-slide-42-layer-7\" \n\t\t\t\t\t\t\t\tclass=\"tp-shape tp-shapewrapper\"\n\t\t\t\t\t\t\t\tdata-type=\"shape\"\n\t\t\t\t\t\t\t\tdata-xy=\"x:c;y:m;yo:-180px,-150px,-135px,-120px;\"\n\t\t\t\t\t\t\t\tdata-text=\"a:inherit;\"\n\t\t\t\t\t\t\t\tdata-dim=\"w:265px,265px,265px,200px;h:1px;\"\n\t\t\t\t\t\t\t\tdata-basealign=\"slide\"\n\t\t\t\t\t\t\t\tdata-rsp_o=\"off\"\n\t\t\t\t\t\t\t\tdata-rsp_bd=\"off\"\n\t\t\t\t\t\t\t\tdata-frame_0=\"o:1;\"\n\t\t\t\t\t\t\t\tdata-frame_0_sfx=\"se:blocktoleft;fxc:#d6b981;\"\n\t\t\t\t\t\t\t\tdata-frame_1=\"e:expo.inOut;st:200;sp:2000;sR:200;\"\n\t\t\t\t\t\t\t\tdata-frame_1_sfx=\"se:blocktoleft;fxc:#d6b981;\"\n\t\t\t\t\t\t\t\tdata-frame_999=\"o:0;st:w;sR:1800;\"\n\t\t\t\t\t\t\t\tstyle=\"z-index:8;background-color:#eac8bf;\"\n\t\t\t\t\t\t\t> \n\t\t\t\t\t\t\t<\/rs-layer><!--\n-->\t\t\t\t\t<\/rs-slide>\n\t\t\t\t\t\t<rs-slide style=\"position: absolute;\" data-key=\"rs-40\" data-title=\"Slide\" data-anim=\"ms:600;r:0;\" data-in=\"o:0;\" data-out=\"a:false;\">\n\t\t\t\t\t\t\t<img decoding=\"async\" src=\"\/\/hostelograf.com\/wp-content\/plugins\/revslider\/sr6\/assets\/assets\/dummy.png\" alt=\"\" title=\"Hostelograf2\" width=\"1920\" height=\"663\" class=\"rev-slidebg tp-rs-img rs-lazyload\" data-lazyload=\"\/\/hostelograf.com\/wp-content\/uploads\/2021\/01\/Hostelograf2.jpg\" data-parallax=\"6\" data-no-retina>\n<!--\n\t\t\t\t\t\t\t--><rs-layer\n\t\t\t\t\t\t\t\tid=\"slider-19-slide-40-layer-1\" \n\t\t\t\t\t\t\t\tdata-type=\"text\"\n\t\t\t\t\t\t\t\tdata-xy=\"x:c;y:m;\"\n\t\t\t\t\t\t\t\tdata-text=\"w:normal;s:80,60,40,25;l:95,75,45,30;ls:5px;fw:300;a:center;\"\n\t\t\t\t\t\t\t\tdata-dim=\"w:100%,80%,80%,100%;\"\n\t\t\t\t\t\t\t\tdata-basealign=\"slide\"\n\t\t\t\t\t\t\t\tdata-rsp_o=\"off\"\n\t\t\t\t\t\t\t\tdata-rsp_bd=\"off\"\n\t\t\t\t\t\t\t\tdata-frame_0=\"x:50px;\"\n\t\t\t\t\t\t\t\tdata-frame_1=\"e:expo.out;st:500;sp:1200;sR:500;\"\n\t\t\t\t\t\t\t\tdata-frame_999=\"o:0;st:w;sR:2300;\"\n\t\t\t\t\t\t\t\tstyle=\"z-index:5;font-family:'Lato';text-transform:uppercase;font-style:italic;\"\n\t\t\t\t\t\t\t>Aktuelle Themen \n\t\t\t\t\t\t\t<\/rs-layer><!--\n\n\t\t\t\t\t\t\t--><rs-layer\n\t\t\t\t\t\t\t\tid=\"slider-19-slide-40-layer-7\" \n\t\t\t\t\t\t\t\tclass=\"tp-shape tp-shapewrapper\"\n\t\t\t\t\t\t\t\tdata-type=\"shape\"\n\t\t\t\t\t\t\t\tdata-xy=\"x:c;y:m;yo:-180px,-150px,-135px,-120px;\"\n\t\t\t\t\t\t\t\tdata-text=\"a:inherit;\"\n\t\t\t\t\t\t\t\tdata-dim=\"w:265px,265px,265px,200px;h:1px;\"\n\t\t\t\t\t\t\t\tdata-basealign=\"slide\"\n\t\t\t\t\t\t\t\tdata-rsp_o=\"off\"\n\t\t\t\t\t\t\t\tdata-rsp_bd=\"off\"\n\t\t\t\t\t\t\t\tdata-frame_0=\"o:1;\"\n\t\t\t\t\t\t\t\tdata-frame_0_sfx=\"se:blocktoleft;fxc:#d6b981;\"\n\t\t\t\t\t\t\t\tdata-frame_1=\"e:expo.inOut;st:200;sp:2000;sR:200;\"\n\t\t\t\t\t\t\t\tdata-frame_1_sfx=\"se:blocktoleft;fxc:#d6b981;\"\n\t\t\t\t\t\t\t\tdata-frame_999=\"o:0;st:w;sR:1800;\"\n\t\t\t\t\t\t\t\tstyle=\"z-index:8;background-color:#eac8bf;\"\n\t\t\t\t\t\t\t> \n\t\t\t\t\t\t\t<\/rs-layer><!--\n-->\t\t\t\t\t<\/rs-slide>\n\t\t\t\t\t<\/rs-slides>\n\t\t\t\t<\/rs-module>\n\t\t\t\t<script>\n\t\t\t\t\tsetREVStartSize({c: 'rev_slider_19_1',rl:[1240,1024,778,480],el:[400,677,570,600],gw:[1300,1100,768,320],gh:[400,340,240,240],type:'standard',justify:'',layout:'fullwidth',mh:\"0\"});if (window.RS_MODULES!==undefined && window.RS_MODULES.modules!==undefined && window.RS_MODULES.modules[\"revslider191\"]!==undefined) {window.RS_MODULES.modules[\"revslider191\"].once = false;window.revapi19 = undefined;if (window.RS_MODULES.checkMinimal!==undefined) window.RS_MODULES.checkMinimal()}\n\t\t\t\t<\/script>\n\t\t\t<\/rs-module-wrap>\n\t\t\t<!-- END REVOLUTION SLIDER -->\n<\/div><\/div><\/div><\/div><div class=\"vc_row wpb_row vc_row-fluid\" ><div class=\"wpb_column vc_column_container vc_col-sm-12\"><div class=\"vc_column-inner\"><div class=\"wpb_wrapper\"><div class=\"mkdf-blog-list-holder mkdf-bl-standard mkdf-bl-three-columns mkdf-huge-space mkdf-bl-pag-no-pagination\"  data-type=standard data-number-of-posts=-1 data-number-of-columns=3 data-space-between-items=huge data-order-by=date data-order=DESC data-image-size=full data-title-tag=h5 data-excerpt-length=40 data-post-info-section=yes data-post-info-image=yes data-post-info-author=no data-post-info-date=yes data-post-info-category=no data-post-info-comments=no data-post-info-like=no data-post-info-share=no data-read-more=yes data-pagination-type=no-pagination data-max-num-pages=0 data-next-page=2>\n\t<div class=\"mkdf-bl-wrapper mkdf-outer-space\">\n\t\t<ul class=\"mkdf-blog-list\">\n\t\t\t<li class=\"mkdf-bl-item mkdf-item-space clearfix\">\n\t<div class=\"mkdf-bli-inner\">\n\t\t\n        <div class=\"mkdf-bli-content\">\n\n\t        <div itemprop=\"dateCreated\" class=\"mkdf-post-info-date entry-date published updated\">\n            <a itemprop=\"url\" href=\"https:\/\/hostelograf.com\/en\/2021\/01\/\">\n    \n        26\/01\/2021        <\/a>\n    <meta itemprop=\"interactionCount\" content=\"UserComments: 0\"\/>\n<\/div>\n<h5 itemprop=\"name\" class=\"entry-title mkdf-post-title\" >\n            <a itemprop=\"url\" href=\"https:\/\/hostelograf.com\/en\/ehekrise-beziehungskrise-in-der-c-krise\/\" title=\"Ehekrise \/ Beziehungskrise in der C-Krise\">\n            Ehekrise \/ Beziehungskrise in der C-Krise            <\/a>\n    <\/h5>\n            <div class=\"mkdf-bli-excerpt\">\n\t\t        \t\t<div class=\"mkdf-post-excerpt-holder\">\n\t\t\t<p itemprop=\"description\" class=\"mkdf-post-excerpt\">\n\t\t\t\tIm Entwickeln eines h\u00f6heren Bewusstseins, Bewusstwerdung und Aufl\u00f6sung der Ursachen sowie \u00c4nderung von Einstellungs- und Verhaltensmustern, der Selbstliebe der du dich \u00f6ffnest, liegt das neue Potenzial deiner Ehe\/Beziehung. In diesem 6w\u00f6chigen TurboEheCoaching bedarf es keine zeitintensive oder anstrengende Paartherapie, alles\t\t\t<\/p>\n\t\t<\/div>\n\t            <\/div>\n                            <div class=\"mkdf-bli-info\">\n\t                \t<div class=\"mkdf-post-read-more-button\">\n\t\t<a itemprop=\"url\" href=\"https:\/\/hostelograf.com\/en\/ehekrise-beziehungskrise-in-der-c-krise\/\" target=\"_self\"  class=\"mkdf-btn mkdf-btn-medium mkdf-btn-simple mkdf-blog-list-button\"  >    <span class=\"mkdf-btn-text\">DISCOVER<\/span>    \t<\/a>\t<\/div>\n                <\/div>\n                    <\/div>\n\t<\/div>\n<\/li><li class=\"mkdf-bl-item mkdf-item-space clearfix\">\n\t<div class=\"mkdf-bli-inner\">\n\t\t\n        <div class=\"mkdf-bli-content\">\n\n\t        <div itemprop=\"dateCreated\" class=\"mkdf-post-info-date entry-date published updated\">\n            <a itemprop=\"url\" href=\"https:\/\/hostelograf.com\/en\/2021\/01\/\">\n    \n        24\/01\/2021        <\/a>\n    <meta itemprop=\"interactionCount\" content=\"UserComments: 0\"\/>\n<\/div>\n<h5 itemprop=\"name\" class=\"entry-title mkdf-post-title\" >\n            <a itemprop=\"url\" href=\"https:\/\/hostelograf.com\/en\/gewichtsverlust-mit-der-hostelograf-methode\/\" title=\"Gewichtsverlust mit der Hostelograf Methode\">\n            Gewichtsverlust mit der Hostelograf Methode            <\/a>\n    <\/h5>\n            <div class=\"mkdf-bli-excerpt\">\n\t\t        \t\t<div class=\"mkdf-post-excerpt-holder\">\n\t\t\t<p itemprop=\"description\" class=\"mkdf-post-excerpt\">\n\t\t\t\tSpeicherungen im Emotional- und Mentalk\u00f6rper, das Aggregat deiner Selbstwahrnehmung und der motivierenden Neigungen, die psychischen Formkr\u00e4fte sowie die verschiedenen Prozesse deiner mentalen und geistigen Aktivit\u00e4t hindern oft und sehr das K\u00f6rperbewusstsein im Loslassen des Balastes in Form von physischer Masse.\t\t\t<\/p>\n\t\t<\/div>\n\t            <\/div>\n                            <div class=\"mkdf-bli-info\">\n\t                \t<div class=\"mkdf-post-read-more-button\">\n\t\t<a itemprop=\"url\" href=\"https:\/\/hostelograf.com\/en\/gewichtsverlust-mit-der-hostelograf-methode\/\" target=\"_self\"  class=\"mkdf-btn mkdf-btn-medium mkdf-btn-simple mkdf-blog-list-button\"  >    <span class=\"mkdf-btn-text\">DISCOVER<\/span>    \t<\/a>\t<\/div>\n                <\/div>\n                    <\/div>\n\t<\/div>\n<\/li>\t\t<\/ul>\n\t<\/div>\n\t<\/div><\/div><\/div><\/div><\/div>\n<\/div>","protected":false},"excerpt":{"rendered":"Speicherungen im Emotional- und Mentalk\u00f6rper, das Aggregat deiner Selbstwahrnehmung und der motivierenden Neigungen, die psychischen Formkr\u00e4fte sowie die verschiedenen Prozesse deiner mentalen und geistigen Aktivit\u00e4t hindern oft und sehr das K\u00f6rperbewusstsein im Loslassen des Balastes in Form von physischer Masse. [...]","protected":false},"author":1,"featured_media":0,"parent":0,"menu_order":5,"comment_status":"closed","ping_status":"closed","template":"","meta":{"footnotes":""},"class_list":["post-1140","page","type-page","status-publish","hentry"],"_links":{"self":[{"href":"https:\/\/hostelograf.com\/en\/wp-json\/wp\/v2\/pages\/1140","targetHints":{"allow":["GET"]}}],"collection":[{"href":"https:\/\/hostelograf.com\/en\/wp-json\/wp\/v2\/pages"}],"about":[{"href":"https:\/\/hostelograf.com\/en\/wp-json\/wp\/v2\/types\/page"}],"author":[{"embeddable":true,"href":"https:\/\/hostelograf.com\/en\/wp-json\/wp\/v2\/users\/1"}],"replies":[{"embeddable":true,"href":"https:\/\/hostelograf.com\/en\/wp-json\/wp\/v2\/comments?post=1140"}],"version-history":[{"count":5,"href":"https:\/\/hostelograf.com\/en\/wp-json\/wp\/v2\/pages\/1140\/revisions"}],"predecessor-version":[{"id":3647,"href":"https:\/\/hostelograf.com\/en\/wp-json\/wp\/v2\/pages\/1140\/revisions\/3647"}],"wp:attachment":[{"href":"https:\/\/hostelograf.com\/en\/wp-json\/wp\/v2\/media?parent=1140"}],"curies":[{"name":"wp","href":"https:\/\/api.w.org\/{rel}","templated":true}]}}