{"id":3227,"date":"2020-12-04T17:31:03","date_gmt":"2020-12-04T16:31:03","guid":{"rendered":"https:\/\/hostelograf.com\/?page_id=3227"},"modified":"2021-01-20T20:38:21","modified_gmt":"2021-01-20T19:38:21","slug":"soulboard","status":"publish","type":"page","link":"https:\/\/hostelograf.com\/en\/soulboard\/","title":{"rendered":"Soulboard"},"content":{"rendered":"<div class=\"wpb-content-wrapper\"><div class=\"vc_row wpb_row vc_row-fluid vc_custom_1611065336700\" ><div class=\"wpb_column vc_column_container vc_col-sm-12\"><div class=\"vc_column-inner\"><div class=\"wpb_wrapper\">\n\t\t\t<!-- START Soulboard REVOLUTION SLIDER 6.7.40 --><p class=\"rs-p-wp-fix\"><\/p>\n\t\t\t<rs-module-wrap id=\"rev_slider_17_1_wrapper\" data-source=\"gallery\" style=\"visibility:hidden;background:transparent;padding:0;margin:0px auto;margin-top:0;margin-bottom:0;\">\n\t\t\t\t<rs-module id=\"rev_slider_17_1\" style=\"\" data-version=\"6.7.40\">\n\t\t\t\t\t<rs-slides style=\"overflow: hidden; position: absolute;\">\n\t\t\t\t\t\t<rs-slide style=\"position: absolute;\" data-key=\"rs-37\" data-title=\"Slide\" data-anim=\"ms:600;r:0;\" data-in=\"o:0;\" data-out=\"a:false;\">\n\t\t\t\t\t\t\t<img decoding=\"async\" src=\"\/\/hostelograf.com\/wp-content\/plugins\/revslider\/sr6\/assets\/assets\/dummy.png\" alt=\"\" title=\"Soulboard\" width=\"1920\" height=\"663\" class=\"rev-slidebg tp-rs-img rs-lazyload\" data-lazyload=\"\/\/hostelograf.com\/wp-content\/uploads\/2021\/01\/Soulboard.jpg\" data-parallax=\"6\" data-no-retina>\n<!--\n\t\t\t\t\t\t\t--><rs-layer\n\t\t\t\t\t\t\t\tid=\"slider-17-slide-37-layer-1\" \n\t\t\t\t\t\t\t\tdata-type=\"text\"\n\t\t\t\t\t\t\t\tdata-xy=\"x:c;y:m;\"\n\t\t\t\t\t\t\t\tdata-text=\"w:normal;s:80,60,40,25;l:95,75,45,30;ls:5px;fw:300;a:center;\"\n\t\t\t\t\t\t\t\tdata-dim=\"w:100%,80%,80%,100%;\"\n\t\t\t\t\t\t\t\tdata-basealign=\"slide\"\n\t\t\t\t\t\t\t\tdata-rsp_o=\"off\"\n\t\t\t\t\t\t\t\tdata-rsp_bd=\"off\"\n\t\t\t\t\t\t\t\tdata-frame_0=\"x:50px;\"\n\t\t\t\t\t\t\t\tdata-frame_1=\"e:expo.out;st:500;sp:1200;sR:500;\"\n\t\t\t\t\t\t\t\tdata-frame_999=\"o:0;st:w;sR:2300;\"\n\t\t\t\t\t\t\t\tstyle=\"z-index:5;font-family:'Lato';text-transform:uppercase;font-style:italic;\"\n\t\t\t\t\t\t\t>Soulboard \n\t\t\t\t\t\t\t<\/rs-layer><!--\n\n\t\t\t\t\t\t\t--><rs-layer\n\t\t\t\t\t\t\t\tid=\"slider-17-slide-37-layer-7\" \n\t\t\t\t\t\t\t\tclass=\"tp-shape tp-shapewrapper\"\n\t\t\t\t\t\t\t\tdata-type=\"shape\"\n\t\t\t\t\t\t\t\tdata-xy=\"x:c;y:m;yo:-180px,-150px,-135px,-120px;\"\n\t\t\t\t\t\t\t\tdata-text=\"a:inherit;\"\n\t\t\t\t\t\t\t\tdata-dim=\"w:265px,265px,265px,200px;h:1px;\"\n\t\t\t\t\t\t\t\tdata-basealign=\"slide\"\n\t\t\t\t\t\t\t\tdata-rsp_o=\"off\"\n\t\t\t\t\t\t\t\tdata-rsp_bd=\"off\"\n\t\t\t\t\t\t\t\tdata-frame_0=\"o:1;\"\n\t\t\t\t\t\t\t\tdata-frame_0_sfx=\"se:blocktoleft;fxc:#d6b981;\"\n\t\t\t\t\t\t\t\tdata-frame_1=\"e:expo.inOut;st:200;sp:2000;sR:200;\"\n\t\t\t\t\t\t\t\tdata-frame_1_sfx=\"se:blocktoleft;fxc:#d6b981;\"\n\t\t\t\t\t\t\t\tdata-frame_999=\"o:0;st:w;sR:1800;\"\n\t\t\t\t\t\t\t\tstyle=\"z-index:8;background-color:#eac8bf;\"\n\t\t\t\t\t\t\t> \n\t\t\t\t\t\t\t<\/rs-layer><!--\n-->\t\t\t\t\t<\/rs-slide>\n\t\t\t\t\t\t<rs-slide style=\"position: absolute;\" data-key=\"rs-38\" data-title=\"Slide\" data-anim=\"ms:600;r:0;\" data-in=\"o:0;\" data-out=\"a:false;\">\n\t\t\t\t\t\t\t<img decoding=\"async\" src=\"\/\/hostelograf.com\/wp-content\/plugins\/revslider\/sr6\/assets\/assets\/dummy.png\" alt=\"\" title=\"Kontakt\" width=\"1920\" height=\"663\" class=\"rev-slidebg tp-rs-img rs-lazyload\" data-lazyload=\"\/\/hostelograf.com\/wp-content\/uploads\/2021\/01\/Kontakt.jpg\" data-parallax=\"6\" data-no-retina>\n<!--\n\t\t\t\t\t\t\t--><rs-layer\n\t\t\t\t\t\t\t\tid=\"slider-17-slide-38-layer-1\" \n\t\t\t\t\t\t\t\tdata-type=\"text\"\n\t\t\t\t\t\t\t\tdata-xy=\"x:c;y:m;\"\n\t\t\t\t\t\t\t\tdata-text=\"w:normal;s:80,60,40,25;l:95,75,45,30;ls:5px;fw:300;a:center;\"\n\t\t\t\t\t\t\t\tdata-dim=\"w:100%,80%,80%,100%;\"\n\t\t\t\t\t\t\t\tdata-basealign=\"slide\"\n\t\t\t\t\t\t\t\tdata-rsp_o=\"off\"\n\t\t\t\t\t\t\t\tdata-rsp_bd=\"off\"\n\t\t\t\t\t\t\t\tdata-frame_0=\"x:50px;\"\n\t\t\t\t\t\t\t\tdata-frame_1=\"e:expo.out;st:500;sp:1200;sR:500;\"\n\t\t\t\t\t\t\t\tdata-frame_999=\"o:0;st:w;sR:2300;\"\n\t\t\t\t\t\t\t\tstyle=\"z-index:5;font-family:'Lato';text-transform:uppercase;font-style:italic;\"\n\t\t\t\t\t\t\t>Soulboard \n\t\t\t\t\t\t\t<\/rs-layer><!--\n\n\t\t\t\t\t\t\t--><rs-layer\n\t\t\t\t\t\t\t\tid=\"slider-17-slide-38-layer-7\" \n\t\t\t\t\t\t\t\tclass=\"tp-shape tp-shapewrapper\"\n\t\t\t\t\t\t\t\tdata-type=\"shape\"\n\t\t\t\t\t\t\t\tdata-xy=\"x:c;y:m;yo:-180px,-150px,-135px,-120px;\"\n\t\t\t\t\t\t\t\tdata-text=\"a:inherit;\"\n\t\t\t\t\t\t\t\tdata-dim=\"w:265px,265px,265px,200px;h:1px;\"\n\t\t\t\t\t\t\t\tdata-basealign=\"slide\"\n\t\t\t\t\t\t\t\tdata-rsp_o=\"off\"\n\t\t\t\t\t\t\t\tdata-rsp_bd=\"off\"\n\t\t\t\t\t\t\t\tdata-frame_0=\"o:1;\"\n\t\t\t\t\t\t\t\tdata-frame_0_sfx=\"se:blocktoleft;fxc:#d6b981;\"\n\t\t\t\t\t\t\t\tdata-frame_1=\"e:expo.inOut;st:200;sp:2000;sR:200;\"\n\t\t\t\t\t\t\t\tdata-frame_1_sfx=\"se:blocktoleft;fxc:#d6b981;\"\n\t\t\t\t\t\t\t\tdata-frame_999=\"o:0;st:w;sR:1800;\"\n\t\t\t\t\t\t\t\tstyle=\"z-index:8;background-color:#eac8bf;\"\n\t\t\t\t\t\t\t> \n\t\t\t\t\t\t\t<\/rs-layer><!--\n-->\t\t\t\t\t<\/rs-slide>\n\t\t\t\t\t\t<rs-slide style=\"position: absolute;\" data-key=\"rs-36\" data-title=\"Slide\" data-anim=\"ms:600;r:0;\" data-in=\"o:0;\" data-out=\"a:false;\">\n\t\t\t\t\t\t\t<img decoding=\"async\" src=\"\/\/hostelograf.com\/wp-content\/plugins\/revslider\/sr6\/assets\/assets\/dummy.png\" alt=\"\" title=\"Hostelograf2\" width=\"1920\" height=\"663\" class=\"rev-slidebg tp-rs-img rs-lazyload\" data-lazyload=\"\/\/hostelograf.com\/wp-content\/uploads\/2021\/01\/Hostelograf2.jpg\" data-parallax=\"6\" data-no-retina>\n<!--\n\t\t\t\t\t\t\t--><rs-layer\n\t\t\t\t\t\t\t\tid=\"slider-17-slide-36-layer-1\" \n\t\t\t\t\t\t\t\tdata-type=\"text\"\n\t\t\t\t\t\t\t\tdata-xy=\"x:c;y:m;\"\n\t\t\t\t\t\t\t\tdata-text=\"w:normal;s:80,60,40,25;l:95,75,45,30;ls:5px;fw:300;a:center;\"\n\t\t\t\t\t\t\t\tdata-dim=\"w:100%,80%,80%,100%;\"\n\t\t\t\t\t\t\t\tdata-basealign=\"slide\"\n\t\t\t\t\t\t\t\tdata-rsp_o=\"off\"\n\t\t\t\t\t\t\t\tdata-rsp_bd=\"off\"\n\t\t\t\t\t\t\t\tdata-frame_0=\"x:50px;\"\n\t\t\t\t\t\t\t\tdata-frame_1=\"e:expo.out;st:500;sp:1200;sR:500;\"\n\t\t\t\t\t\t\t\tdata-frame_999=\"o:0;st:w;sR:2300;\"\n\t\t\t\t\t\t\t\tstyle=\"z-index:5;font-family:'Lato';text-transform:uppercase;font-style:italic;\"\n\t\t\t\t\t\t\t>Soulboard \n\t\t\t\t\t\t\t<\/rs-layer><!--\n\n\t\t\t\t\t\t\t--><rs-layer\n\t\t\t\t\t\t\t\tid=\"slider-17-slide-36-layer-7\" \n\t\t\t\t\t\t\t\tclass=\"tp-shape tp-shapewrapper\"\n\t\t\t\t\t\t\t\tdata-type=\"shape\"\n\t\t\t\t\t\t\t\tdata-xy=\"x:c;y:m;yo:-180px,-150px,-135px,-120px;\"\n\t\t\t\t\t\t\t\tdata-text=\"a:inherit;\"\n\t\t\t\t\t\t\t\tdata-dim=\"w:265px,265px,265px,200px;h:1px;\"\n\t\t\t\t\t\t\t\tdata-basealign=\"slide\"\n\t\t\t\t\t\t\t\tdata-rsp_o=\"off\"\n\t\t\t\t\t\t\t\tdata-rsp_bd=\"off\"\n\t\t\t\t\t\t\t\tdata-frame_0=\"o:1;\"\n\t\t\t\t\t\t\t\tdata-frame_0_sfx=\"se:blocktoleft;fxc:#d6b981;\"\n\t\t\t\t\t\t\t\tdata-frame_1=\"e:expo.inOut;st:200;sp:2000;sR:200;\"\n\t\t\t\t\t\t\t\tdata-frame_1_sfx=\"se:blocktoleft;fxc:#d6b981;\"\n\t\t\t\t\t\t\t\tdata-frame_999=\"o:0;st:w;sR:1800;\"\n\t\t\t\t\t\t\t\tstyle=\"z-index:8;background-color:#eac8bf;\"\n\t\t\t\t\t\t\t> \n\t\t\t\t\t\t\t<\/rs-layer><!--\n-->\t\t\t\t\t<\/rs-slide>\n\t\t\t\t\t<\/rs-slides>\n\t\t\t\t<\/rs-module>\n\t\t\t\t<script>\n\t\t\t\t\tsetREVStartSize({c: 'rev_slider_17_1',rl:[1240,1024,778,480],el:[400,677,570,600],gw:[1300,1100,768,320],gh:[400,340,240,240],type:'standard',justify:'',layout:'fullwidth',mh:\"0\"});if (window.RS_MODULES!==undefined && window.RS_MODULES.modules!==undefined && window.RS_MODULES.modules[\"revslider171\"]!==undefined) {window.RS_MODULES.modules[\"revslider171\"].once = false;window.revapi17 = undefined;if (window.RS_MODULES.checkMinimal!==undefined) window.RS_MODULES.checkMinimal()}\n\t\t\t\t<\/script>\n\t\t\t<\/rs-module-wrap>\n\t\t\t<!-- END REVOLUTION SLIDER -->\n<\/div><\/div><\/div><\/div><div class=\"mkdf-row-grid-section-wrapper mkdf-parallax-row-holder mkdf-content-aligment-center\" data-parallax-bg-image= data-parallax-bg-speed=1 ><div class=\"mkdf-row-grid-section\"><div class=\"vc_row wpb_row vc_row-fluid\" ><div class=\"wpb_column vc_column_container vc_col-sm-12\"><div class=\"vc_column-inner\"><div class=\"wpb_wrapper\"><div class=\"mkdf-elements-holder   mkdf-one-column  mkdf-responsive-mode-768 \" ><div class=\"mkdf-eh-item    \"  data-item-class=\"mkdf-eh-custom-7120\" data-1280-1600=\"72px 16% 0px\" data-1024-1280=\"72px 12% 0px\" data-768-1024=\"72px 5% 0px\" data-680-768=\"72px 0 0\">\n\t\t<div class=\"mkdf-eh-item-inner\">\n\t\t<div class=\"mkdf-eh-item-content mkdf-eh-custom-7120\" >\n\t\t\t<div class=\"mkdf-section-title-holder  mkdf-st-standard mkdf-st-title-left mkdf-st-normal-space \" style=\"text-align: center\">\n\t<div class=\"mkdf-st-inner\">\n\t\t<img decoding=\"async\" src=\"https:\/\/hostelograf.com\/wp-content\/uploads\/2021\/01\/hand.svg\" class=\"attachment-full size-full\" alt=\"\" \/>\n\t\t\t\t\t<div class=\"mkdf-separator-holder clearfix\">\n\t\t\t\t<div class=\"mkdf-separator\"><\/div>\n\t\t\t<\/div>\n\t\t\t\t\t\t\t<h2 class=\"mkdf-st-title\" >\n\t\t\t\tWahre Verwirklichung\t\t\t<\/h2>\n\t\t\t\t\t<\/div>\n<\/div>\n\t<div class=\"wpb_text_column wpb_content_element vc_custom_1607117885833\" >\n\t\t<div class=\"wpb_wrapper\">\n\t\t\t<p style=\"text-align: left;\">Die Arbeit mit dem Soulboard habe ich f\u00fcr diejenigen konzipiert, die ihre wahre Verwirklichung anstreben, damit sie:<\/p>\n<ul>\n<li style=\"text-align: left;\"><strong>ihre Bestimmung und Berufung im Leben finden<\/strong><\/li>\n<li style=\"text-align: left;\"><strong>ihre Talente und Gaben entfalten<\/strong><\/li>\n<li style=\"text-align: left;\"><strong>ihre Pers\u00f6nlichkeit weiter entwickeln<\/strong><\/li>\n<li style=\"text-align: left;\"><strong>Erfolgreich werden<\/strong><\/li>\n<li style=\"text-align: left;\"><strong>Erf\u00fcllung im Job oder in der Liebe erleben<\/strong><\/li>\n<li style=\"text-align: left;\"><strong>Loslass- und Ver\u00e4nderungsprozesse besser bew\u00e4ltigen.<\/strong><\/li>\n<\/ul>\n\n\t\t<\/div>\n\t<\/div>\n\n\t<div class=\"wpb_text_column wpb_content_element\" >\n\t\t<div class=\"wpb_wrapper\">\n\t\t\t<p style=\"text-align: left;\">Wahre Verwirklichung bedeutet Manifestation aus der Seele und nicht aus dem Ego heraus. Im Soulboard Coaching lernst du dein volles Potenzial zu aktivieren und dich von krankmachender Unzufriedenheit, Zweifeln und Orientierungslosigkeit zu befreien.<\/p>\n<p style=\"text-align: left;\">Das Soulboard gilt als der Ferrari unter den Visionboards. Hier lernst du aus der Seele heraus zu manifestierten und ein Bewusstsein f\u00fcr deine W\u00fcnsche zu entwickeln. Aus deinem Seelenplan und der Zukunftsenergie offenbaren sich all deine M\u00f6glichkeiten, welche Gaben und Talente aktiviert werden k\u00f6nnen und welche deiner Ideen bereits existieren. Denn die Zukunft existiert bereits, Zeit gibt es nicht und alles verl\u00e4uft linear.<\/p>\n<p style=\"text-align: left;\">Wir schauen uns an, welche Einstellungs- und Verhaltensmuster (Glaubenss\u00e4tze, Limitierungen, Blockaden, Selbstzweifel, Mangelgef\u00fchle) ver\u00e4ndert werden m\u00fcssen, damit die Manifestation aus der Seele heraus geschehen kann. Das Ziel der Soulboard Arbeit ist es, seiner Lebensaufgabe zu dienen, ohne zu bedienen oder verdienen m\u00fcssen. Ich habe all diese Erfahrung gesammelt und gebe dir mein Wissen weiter.<\/p>\n\n\t\t<\/div>\n\t<\/div>\n\t\t<\/div>\n\t<\/div>\n<\/div><\/div><div class=\"mkdf-elements-holder   mkdf-one-column  mkdf-responsive-mode-768 \" ><div class=\"mkdf-eh-item    \"  data-item-class=\"mkdf-eh-custom-9171\" data-1280-1600=\"72px 16% 0px\" data-1024-1280=\"72px 12% 0px\" data-768-1024=\"72px 5% 0px\" data-680-768=\"72px 0 0\">\n\t\t<div class=\"mkdf-eh-item-inner\">\n\t\t<div class=\"mkdf-eh-item-content mkdf-eh-custom-9171\" style=\"padding: 50px\">\n\t\t\t<div class=\"mkdf-section-title-holder  mkdf-st-standard mkdf-st-title-left mkdf-st-normal-space \" style=\"text-align: center\">\n\t<div class=\"mkdf-st-inner\">\n\t\t\n\t\t\t\t\t\t\t<h2 class=\"mkdf-st-title\" >\n\t\t\t\tEs erwarten dich 12 intensive Wochen mit:\t\t\t<\/h2>\n\t\t\t\t\t<\/div>\n<\/div><div class=\"vc_empty_space\"   style=\"height: 75px\"><span class=\"vc_empty_space_inner\"><\/span><\/div><div class=\"mkdf-process-holder \">\n\t<div class=\"mkdf-process-inner\">\n\t\t<div class=\"mkdf-process-item \" >\n    <div class=\"mkdf-mark-horizontal-holder\">\n        <div class=\"mkdf-process-mark\">\n            <div class=\"mkdf-process-line\"><\/div>\n            <div class=\"mkdf-process-circle\">1<\/div>\n        <\/div>\n    <\/div>\n\t<div class=\"mkdf-pi-content\">\n\t\t\t\t\t<h3 class=\"mkdf-pi-title\" >zwei Stunden Coaching pro Woche<\/h3>\n\t\t\t\t\t\t\t<p class=\"mkdf-pi-text\" >inkl. Aufl\u00f6sungen der Ursachen von Limitierungen, Mangelgef\u00fchlen und Zweifeln in dir und Unterst\u00fctzung bei der Umsetzung des Soulboards sowie energetische Prozessbegleitung<\/p>\n\t\t\t<\/div>\n<\/div><div class=\"mkdf-process-item \" >\n    <div class=\"mkdf-mark-horizontal-holder\">\n        <div class=\"mkdf-process-mark\">\n            <div class=\"mkdf-process-line\"><\/div>\n            <div class=\"mkdf-process-circle\">2<\/div>\n        <\/div>\n    <\/div>\n\t<div class=\"mkdf-pi-content\">\n\t\t\t\t\t<h3 class=\"mkdf-pi-title\" >ein kostenlosen Email-Support 24\/7<\/h3>\n\t\t\t\t\t\t\t<p class=\"mkdf-pi-text\" >f\u00fcr wichtige und dringende Fragen<\/p>\n\t\t\t<\/div>\n<\/div><div class=\"mkdf-process-item \" >\n    <div class=\"mkdf-mark-horizontal-holder\">\n        <div class=\"mkdf-process-mark\">\n            <div class=\"mkdf-process-line\"><\/div>\n            <div class=\"mkdf-process-circle\">3<\/div>\n        <\/div>\n    <\/div>\n\t<div class=\"mkdf-pi-content\">\n\t\t\t\t\t<h3 class=\"mkdf-pi-title\" >bei Bedarf<\/h3>\n\t\t\t\t\t\t\t<p class=\"mkdf-pi-text\" >3\u00d715 Minuten pro Woche Impulscoaching<\/p>\n\t\t\t<\/div>\n<\/div>\t<\/div>\n<\/div>\t\t<\/div>\n\t<\/div>\n<\/div><\/div><\/div><\/div><\/div><\/div><\/div><\/div><div class=\"mkdf-row-grid-section-wrapper mkdf-parallax-row-holder mkdf-content-aligment-center\" data-parallax-bg-image= data-parallax-bg-speed=1 style=\"background-color:#f8f9f6\"><div class=\"mkdf-row-grid-section\"><div class=\"vc_row wpb_row vc_row-fluid vc_custom_1607116151440\" ><div class=\"wpb_column vc_column_container vc_col-sm-12\"><div class=\"vc_column-inner\"><div class=\"wpb_wrapper\"><div class=\"vc_empty_space\"   style=\"height: 75px\"><span class=\"vc_empty_space_inner\"><\/span><\/div><div class=\"mkdf-section-title-holder  mkdf-st-standard mkdf-st-title-left mkdf-st-normal-space \" style=\"text-align: center\">\n\t<div class=\"mkdf-st-inner\">\n\t\t<img decoding=\"async\" src=\"https:\/\/hostelograf.com\/wp-content\/uploads\/2021\/01\/hand.svg\" class=\"attachment-full size-full\" alt=\"\" \/>\n\t\t\t\t\t<div class=\"mkdf-separator-holder clearfix\">\n\t\t\t\t<div class=\"mkdf-separator\"><\/div>\n\t\t\t<\/div>\n\t\t\t\t\t\t\t<h2 class=\"mkdf-st-title\" >\n\t\t\t\tKontakt\t\t\t<\/h2>\n\t\t\t\t\t\t\t<h6 class=\"mkdf-st-text\" >\n\t\t\t\tHabe ich dein Interesse geweckt? Ich freue mich auf deine Nachricht!\t\t\t<\/h6>\n\t\t\t<\/div>\n<\/div><div class=\"mkdf-elements-holder   mkdf-one-column  mkdf-responsive-mode-768 \" ><div class=\"mkdf-eh-item   mkdf-horizontal-alignment-center \"  data-item-class=\"mkdf-eh-custom-2702\" data-1280-1600=\"72px 16% 0px\" data-1024-1280=\"72px 12% 0px\" data-768-1024=\"72px 5% 0px\" data-680-768=\"72px 0 0\" data-680=\"72px 0 0\">\n\t\t<div class=\"mkdf-eh-item-inner\">\n\t\t<div class=\"mkdf-eh-item-content mkdf-eh-custom-2702\" style=\"padding: 72px 8% 0px\">\n\t\t\t\n<div class=\"wpcf7 no-js\" id=\"wpcf7-f2619-o1\" lang=\"en-US\" dir=\"ltr\" data-wpcf7-id=\"2619\">\n<div class=\"screen-reader-response\"><p role=\"status\" aria-live=\"polite\" aria-atomic=\"true\"><\/p> <ul><\/ul><\/div>\n<form action=\"\/en\/wp-json\/wp\/v2\/pages\/3227#wpcf7-f2619-o1\" method=\"post\" class=\"wpcf7-form init\" aria-label=\"Contact form\" novalidate=\"novalidate\" data-status=\"init\">\n<fieldset class=\"hidden-fields-container\"><input type=\"hidden\" name=\"_wpcf7\" value=\"2619\" \/><input type=\"hidden\" name=\"_wpcf7_version\" value=\"6.1.5\" \/><input type=\"hidden\" name=\"_wpcf7_locale\" value=\"en_US\" \/><input type=\"hidden\" name=\"_wpcf7_unit_tag\" value=\"wpcf7-f2619-o1\" \/><input type=\"hidden\" name=\"_wpcf7_container_post\" value=\"0\" \/><input type=\"hidden\" name=\"_wpcf7_posted_data_hash\" value=\"\" \/>\n<\/fieldset>\n<div class=\"mkdf-two-columns-50-50 clearfix\">\n\t<div class=\"mkdf-two-columns-50-50-inner\">\n\t\t<div class=\"mkdf-column\">\n\t\t\t<p><span class=\"wpcf7-form-control-wrap\" data-name=\"your-fist-name\"><input size=\"40\" maxlength=\"400\" class=\"wpcf7-form-control wpcf7-text wpcf7-validates-as-required\" aria-required=\"true\" aria-invalid=\"false\" placeholder=\"Vorname\" value=\"\" type=\"text\" name=\"your-fist-name\" \/><\/span>\n\t\t\t<\/p>\n\t\t<\/div>\n\t\t<div class=\"mkdf-column\">\n\t\t\t<p><span class=\"wpcf7-form-control-wrap\" data-name=\"your-last-name\"><input size=\"40\" maxlength=\"400\" class=\"wpcf7-form-control wpcf7-text wpcf7-validates-as-required\" aria-required=\"true\" aria-invalid=\"false\" placeholder=\"Nachname\" value=\"\" type=\"text\" name=\"your-last-name\" \/><\/span>\n\t\t\t<\/p>\n\t\t<\/div>\n\t<\/div>\n<\/div>\n<div class=\"mkdf-two-columns-50-50 clearfix\">\n\t<div class=\"mkdf-two-columns-50-50-inner\">\n\t\t<div class=\"mkdf-column\">\n\t\t\t<p><span class=\"wpcf7-form-control-wrap\" data-name=\"your-email\"><input size=\"40\" maxlength=\"400\" class=\"wpcf7-form-control wpcf7-email wpcf7-validates-as-required wpcf7-text wpcf7-validates-as-email\" aria-required=\"true\" aria-invalid=\"false\" placeholder=\"Email\" value=\"\" type=\"email\" name=\"your-email\" \/><\/span>\n\t\t\t<\/p>\n\t\t<\/div>\n\t\t<div class=\"mkdf-column\">\n\t\t\t<p><span class=\"wpcf7-form-control-wrap\" data-name=\"your-phone\"><input size=\"40\" maxlength=\"400\" class=\"wpcf7-form-control wpcf7-text wpcf7-validates-as-required\" aria-required=\"true\" aria-invalid=\"false\" placeholder=\"Tel\" value=\"\" type=\"text\" name=\"your-phone\" \/><\/span>\n\t\t\t<\/p>\n\t\t<\/div>\n\t<\/div>\n<\/div>\n<div class=\"mkdf-grid-row mkdf-smaller-gutter clearfix\">\n\t<div class=\"mkdf-grid-col-12\">\n\t\t<div>\n\t\t\t<p><span class=\"wpcf7-form-control-wrap\" data-name=\"your-message\"><textarea cols=\"40\" rows=\"10\" maxlength=\"2000\" class=\"wpcf7-form-control wpcf7-textarea\" aria-invalid=\"false\" placeholder=\"Deine Nachricht\" name=\"your-message\"><\/textarea><\/span>\n\t\t\t<\/p>\n\t\t<\/div>\n\t\t<div>\n\t\t\t<p><span class=\"wpcf7-form-control-wrap\" data-name=\"accept-this-1\"><span class=\"wpcf7-form-control wpcf7-acceptance\"><span class=\"wpcf7-list-item\"><label><input type=\"checkbox\" name=\"accept-this-1\" value=\"1\" aria-invalid=\"false\" \/><span class=\"wpcf7-list-item-label\">Ja, ich habe die <a href=\"\/agb\/\">AGB<\/a> und die <a href=\"\/datenschutz\/\">Datenschutzerkl\u00e4rung<\/a> zur Kenntnis genommen und bin damit einverstanden, dass die von mir angegebenen Daten elektronisch erhoben und gespeichert werden. Meine Daten werden dabei nur streng zweckgebunden zur Bearbeitung und Beantwortung meiner Anfrage benutzt. Mit dem Absenden des Kontaktformulars erkl\u00e4re ich mich mit der Verarbeitung einverstanden.<\/span><\/label><\/span><\/span><\/span>\n\t\t\t<\/p>\n\t\t<\/div>\n\t\t<div style=\"text-align:center;\">\n\t\t\t<div class=\"mkdf-contact-form-submit\">\n\t\t\t\t<p><input class=\"wpcf7-form-control wpcf7-submit has-spinner\" type=\"submit\" value=\"Senden\" \/>\n\t\t\t\t<\/p>\n\t\t\t<\/div>\n\t\t<\/div>\n\t<\/div>\n<\/div><div class=\"wpcf7-response-output\" aria-hidden=\"true\"><\/div>\n<\/form>\n<\/div>\n\t\t<\/div>\n\t<\/div>\n<\/div><\/div><\/div><\/div><\/div><\/div><\/div><\/div>\n<\/div>","protected":false},"excerpt":{"rendered":"Soulboard Soulboard Soulboard Wahre Verwirklichung Die Arbeit mit dem Soulboard habe ich f\u00fcr diejenigen konzipiert, die ihre wahre Verwirklichung anstreben, damit sie: ihre Bestimmung und Berufung im Leben finden ihre Talente und Gaben entfalten ihre Pers\u00f6nlichkeit weiter entwickeln Erfolgreich werden [...]","protected":false},"author":1,"featured_media":0,"parent":0,"menu_order":4,"comment_status":"closed","ping_status":"closed","template":"full-width.php","meta":{"footnotes":""},"class_list":["post-3227","page","type-page","status-publish","hentry"],"_links":{"self":[{"href":"https:\/\/hostelograf.com\/en\/wp-json\/wp\/v2\/pages\/3227","targetHints":{"allow":["GET"]}}],"collection":[{"href":"https:\/\/hostelograf.com\/en\/wp-json\/wp\/v2\/pages"}],"about":[{"href":"https:\/\/hostelograf.com\/en\/wp-json\/wp\/v2\/types\/page"}],"author":[{"embeddable":true,"href":"https:\/\/hostelograf.com\/en\/wp-json\/wp\/v2\/users\/1"}],"replies":[{"embeddable":true,"href":"https:\/\/hostelograf.com\/en\/wp-json\/wp\/v2\/comments?post=3227"}],"version-history":[{"count":5,"href":"https:\/\/hostelograf.com\/en\/wp-json\/wp\/v2\/pages\/3227\/revisions"}],"predecessor-version":[{"id":3614,"href":"https:\/\/hostelograf.com\/en\/wp-json\/wp\/v2\/pages\/3227\/revisions\/3614"}],"wp:attachment":[{"href":"https:\/\/hostelograf.com\/en\/wp-json\/wp\/v2\/media?parent=3227"}],"curies":[{"name":"wp","href":"https:\/\/api.w.org\/{rel}","templated":true}]}}